{"id":2033,"date":"2026-03-23T11:40:08","date_gmt":"2026-03-23T14:40:08","guid":{"rendered":"https:\/\/patagoniarun.com\/?page_id=2033"},"modified":"2026-03-23T15:09:55","modified_gmt":"2026-03-23T18:09:55","slug":"guias","status":"publish","type":"page","link":"https:\/\/patagoniarun.com\/en\/guias\/","title":{"rendered":"Gu\u00edas del Corredor"},"content":{"rendered":"<h1>GU\u00cdAS DEL CORREDOR<\/h1>\n<h1>Seleccion\u00e1 tu distancia y descarg\u00e1 tu gu\u00eda del corredor para poder planificar tu carrera de la mejor manera.<\/h1>\n<h1>\u00daltima actualizaci\u00f3n: 23 de Marzo 2026<\/h1>\n<ul>\n<li>\n<p>        <img decoding=\"async\" src=\"\/wp-content\/uploads\/2026\/03\/10k-ALT.png\" alt=\"\"><\/p>\n<p><img decoding=\"async\" src=\"\/wp-content\/uploads\/2026\/03\/10k.png\" alt><\/p>\n<p><a href=\"\/wp-content\/uploads\/2026\/03\/PR2026-10k-V1-ES.pdf\"><\/a><\/p>\n<\/li>\n<li>\n<p>        <img decoding=\"async\" src=\"\/wp-content\/uploads\/2026\/03\/21k-ALT.png\" alt=\"\"><\/p>\n<p><img decoding=\"async\" src=\"\/wp-content\/uploads\/2026\/03\/21k.png\" alt><\/p>\n<p><a href=\"\/wp-content\/uploads\/2026\/03\/PR2026-21k-V1-ES.pdf\"><\/a><\/p>\n<\/li>\n<li>\n<p>        <img decoding=\"async\" src=\"\/wp-content\/uploads\/2026\/03\/42K-ALT.png\" alt=\"\"><\/p>\n<p><img decoding=\"async\" src=\"\/wp-content\/uploads\/2026\/03\/42K.png\" alt><\/p>\n<p><a href=\"\/wp-content\/uploads\/2026\/03\/PR2026-42k-V1-ES.pdf\"><\/a><\/p>\n<\/li>\n<li>\n<p>        <img decoding=\"async\" src=\"\/wp-content\/uploads\/2026\/03\/70K-ALT.png\" alt=\"\"><\/p>\n<p><img decoding=\"async\" src=\"\/wp-content\/uploads\/2026\/03\/70K.png\" alt><\/p>\n<p><a href=\"\/wp-content\/uploads\/2026\/03\/PR2026-70k-V1-ES.pdf\"><\/a><\/p>\n<\/li>\n<li>\n<p>        <img decoding=\"async\" src=\"\/wp-content\/uploads\/2026\/03\/110K-ALT.png\" alt=\"\"><\/p>\n<p><img decoding=\"async\" src=\"\/wp-content\/uploads\/2026\/03\/110K.png\" alt><\/p>\n<p><a href=\"\/wp-content\/uploads\/2026\/03\/PR2026-110k-V1-ES2.pdf\"><\/a><\/p>\n<\/li>\n<li>\n<p>        <img decoding=\"async\" src=\"\/wp-content\/uploads\/2026\/03\/100MI-ALT.png\" alt=\"\"><\/p>\n<p><img decoding=\"async\" src=\"\/wp-content\/uploads\/2026\/03\/100MI.png\" alt><\/p>\n<p><a href=\"\/wp-content\/uploads\/2026\/03\/PR2026-100MI-V1-ES-2.pdf\"><\/a><\/p>\n<\/li>\n<\/ul>\n<p><!--more--><br \/>\n<!-- {\"type\":\"layout\",\"children\":[{\"type\":\"section\",\"props\":{\"image_position\":\"center-center\",\"style\":\"secondary\",\"title_breakpoint\":\"xl\",\"title_position\":\"top-left\",\"title_rotation\":\"left\",\"vertical_align\":\"middle\",\"width\":\"default\"},\"children\":[{\"type\":\"row\",\"children\":[{\"type\":\"column\",\"props\":{\"image_position\":\"center-center\",\"position_sticky_breakpoint\":\"m\"},\"children\":[{\"type\":\"headline\",\"props\":{\"content\":\"GU\u00cdAS DEL CORREDOR\",\"content_en_us\":\"RUNNER'S GUIDE\",\"content_pt_br\":\"GUIAS DO CORREDOR\",\"css\":\"@media screen and (min-width: 601px) {\\n  .el-element {\\n    font-size: 5vw;\\n  }\\n}\\n\\n@media screen and (max-width: 600px) {\\n  .el-element {\\n    font-size: 11vw;\\n  }\\n}\",\"image_align\":\"left\",\"image_margin\":\"xsmall\",\"text_align\":\"center\",\"title_element\":\"h1\",\"title_style\":\"h1\"}}]}]}],\"name\":\"[SECTION] Hero (Solo texto)\"},{\"type\":\"section\",\"props\":{\"image_position\":\"center-center\",\"padding_bottom\":\"small\",\"padding_top\":\"small\",\"style\":\"default\",\"title_breakpoint\":\"xl\",\"title_position\":\"top-left\",\"title_rotation\":\"left\",\"vertical_align\":\"middle\",\"width\":\"default\"},\"children\":[{\"type\":\"row\",\"children\":[{\"type\":\"column\",\"props\":{\"image_position\":\"center-center\",\"position_sticky_breakpoint\":\"m\"},\"children\":[{\"type\":\"headline\",\"props\":{\"content\":\"Seleccion\u00e1 tu distancia y descarg\u00e1 tu gu\u00eda del corredor para poder planificar tu carrera de la mejor manera.\",\"content_en_us\":\"Select your distance and download your Runner\u2019s Guide to plan your race in the best way.\",\"content_pt_br\":\"Selecione sua dist\u00e2ncia e baixe seu Guia do Corredor para planejar sua prova da melhor forma.\",\"image_align\":\"left\",\"image_margin\":\"xsmall\",\"text_align\":\"left\",\"title_element\":\"h1\",\"title_style\":\"text-lead\"}},{\"type\":\"headline\",\"props\":{\"content\":\"\u00daltima actualizaci\u00f3n: 23 de Marzo 2026\",\"content_en_us\":\"Last update: March 23, 2026\",\"content_pt_br\":\"\u00daltima atualiza\u00e7\u00e3o: 23 de mar\u00e7o de 2026\",\"image_align\":\"left\",\"image_margin\":\"xsmall\",\"text_align\":\"right\",\"title_element\":\"h1\",\"title_style\":\"text-small\"}}]}],\"props\":{\"width\":\"small\"}}]},{\"type\":\"section\",\"props\":{\"image_position\":\"center-center\",\"style\":\"muted\",\"title_breakpoint\":\"xl\",\"title_position\":\"top-left\",\"title_rotation\":\"left\",\"vertical_align\":\"middle\",\"width\":\"default\"},\"children\":[{\"type\":\"row\",\"children\":[{\"type\":\"column\",\"props\":{\"image_position\":\"center-center\",\"position_sticky_breakpoint\":\"m\"},\"children\":[{\"type\":\"grid\",\"props\":{\"content_column_breakpoint\":\"m\",\"filter_align\":\"left\",\"filter_all\":true,\"filter_grid_breakpoint\":\"m\",\"filter_grid_width\":\"auto\",\"filter_position\":\"top\",\"filter_style\":\"tab\",\"grid_default\":\"1\",\"grid_medium\":\"3\",\"image_align\":\"top\",\"image_grid_breakpoint\":\"m\",\"image_grid_width\":\"1-2\",\"image_link\":true,\"image_svg_color\":\"emphasis\",\"item_animation\":true,\"lightbox_bg_close\":true,\"link_style\":\"default\",\"link_text\":\"\",\"margin_bottom\":\"default\",\"margin_top\":\"default\",\"meta_align\":\"below-title\",\"meta_element\":\"div\",\"meta_style\":\"text-meta\",\"show_content\":true,\"show_hover_image\":true,\"show_hover_video\":true,\"show_image\":true,\"show_link\":true,\"show_meta\":false,\"show_title\":false,\"show_video\":true,\"title_align\":\"top\",\"title_element\":\"h3\",\"title_grid_breakpoint\":\"m\",\"title_grid_width\":\"1-2\",\"title_hover_style\":\"reset\"},\"children\":[{\"type\":\"grid_item\",\"props\":{\"hover_image\":\"wp-content\/uploads\/2026\/03\/10k.png\",\"image\":\"wp-content\/uploads\/2026\/03\/10k-ALT.png\",\"link\":\"wp-content\/uploads\/2026\/03\/PR2026-10k-V1-ES.pdf\",\"link_en_us\":\"wp-content\/uploads\/2026\/03\/PR2026-10k-V1-EN.docx.pdf\",\"link_pt_br\":\"wp-content\/uploads\/2026\/03\/PR2026-10k-V1-PT.docx.pdf\"}},{\"type\":\"grid_item\",\"props\":{\"hover_image\":\"wp-content\/uploads\/2026\/03\/21k.png\",\"image\":\"wp-content\/uploads\/2026\/03\/21k-ALT.png\",\"link\":\"wp-content\/uploads\/2026\/03\/PR2026-21k-V1-ES.pdf\",\"link_en_us\":\"wp-content\/uploads\/2026\/03\/PR2026-21k-V1-EN.docx.pdf\",\"link_pt_br\":\"wp-content\/uploads\/2026\/03\/PR2026-21k-V1-PT.docx.pdf\"}},{\"type\":\"grid_item\",\"props\":{\"hover_image\":\"wp-content\/uploads\/2026\/03\/42K.png\",\"image\":\"wp-content\/uploads\/2026\/03\/42K-ALT.png\",\"link\":\"wp-content\/uploads\/2026\/03\/PR2026-42k-V1-ES.pdf\",\"link_en_us\":\"wp-content\/uploads\/2026\/03\/PR2026-42k-V1-EN.docx.pdf\",\"link_pt_br\":\"wp-content\/uploads\/2026\/03\/PR2026-42k-V1-PT.docx.pdf\"}},{\"type\":\"grid_item\",\"props\":{\"hover_image\":\"wp-content\/uploads\/2026\/03\/70K.png\",\"image\":\"wp-content\/uploads\/2026\/03\/70K-ALT.png\",\"link\":\"wp-content\/uploads\/2026\/03\/PR2026-70k-V1-ES.pdf\",\"link_en_us\":\"wp-content\/uploads\/2026\/03\/PR2026-70k-V1-EN.docx.pdf\",\"link_pt_br\":\"wp-content\/uploads\/2026\/03\/PR2026-70k-V1-PT.docx.pdf\"}},{\"type\":\"grid_item\",\"props\":{\"hover_image\":\"wp-content\/uploads\/2026\/03\/110K.png\",\"image\":\"wp-content\/uploads\/2026\/03\/110K-ALT.png\",\"link\":\"wp-content\/uploads\/2026\/03\/PR2026-110k-V1-ES2.pdf\",\"link_en_us\":\"wp-content\/uploads\/2026\/03\/PR2026-110k-V1-EN.docx.pdf\",\"link_pt_br\":\"wp-content\/uploads\/2026\/03\/PR2026-110k-V1-PT.docx.pdf\"}},{\"type\":\"grid_item\",\"props\":{\"hover_image\":\"wp-content\/uploads\/2026\/03\/100MI.png\",\"image\":\"wp-content\/uploads\/2026\/03\/100MI-ALT.png\",\"link\":\"wp-content\/uploads\/2026\/03\/PR2026-100MI-V1-ES-2.pdf\",\"link_en_us\":\"wp-content\/uploads\/2026\/03\/PR2026-100MI-V1-EN.docx.pdf\",\"link_pt_br\":\"wp-content\/uploads\/2026\/03\/PR2026-100MI-V1-PT.docx.pdf\"}}]},{\"type\":\"button\",\"props\":{\"button_size\":\"large\",\"grid_column_gap\":\"medium\",\"grid_row_gap\":\"small\",\"margin_bottom\":\"default\",\"margin_top\":\"default\",\"status\":\"disabled\",\"text_align\":\"center\"},\"children\":[{\"type\":\"button_item\",\"props\":{\"button_style\":\"primary\",\"content\":\"100 MILLAS\",\"dialog_layout\":\"modal\",\"dialog_offcanvas_flip\":true,\"icon_align\":\"left\",\"link\":\"wp-content\/uploads\/2026\/03\/PR2026-100MI-V1-ES-2.pdf\"}},{\"type\":\"button_item\",\"props\":{\"button_style\":\"primary\",\"content\":\"110K\",\"dialog_layout\":\"modal\",\"dialog_offcanvas_flip\":true,\"icon_align\":\"left\",\"link\":\"wp-content\/uploads\/2026\/03\/PR2026-110k-V1-ES2.pdf\"}},{\"type\":\"button_item\",\"props\":{\"button_style\":\"primary\",\"content\":\"70K\",\"dialog_layout\":\"modal\",\"dialog_offcanvas_flip\":true,\"icon_align\":\"left\",\"link\":\"wp-content\/uploads\/2026\/03\/PR2026-70k-V1-ES.pdf\"}},{\"type\":\"button_item\",\"props\":{\"button_style\":\"primary\",\"content\":\"42K\",\"dialog_layout\":\"modal\",\"dialog_offcanvas_flip\":true,\"icon_align\":\"left\",\"link\":\"wp-content\/uploads\/2026\/03\/PR2026-42k-V1-ES.pdf\"}},{\"type\":\"button_item\",\"props\":{\"button_style\":\"primary\",\"content\":\"21K\",\"dialog_layout\":\"modal\",\"dialog_offcanvas_flip\":true,\"icon_align\":\"left\",\"link\":\"wp-content\/uploads\/2026\/03\/PR2026-21k-V1-ES.pdf\"}},{\"type\":\"button_item\",\"props\":{\"button_style\":\"primary\",\"content\":\"10K\",\"dialog_layout\":\"modal\",\"dialog_offcanvas_flip\":true,\"icon_align\":\"left\",\"link\":\"wp-content\/uploads\/2026\/03\/PR2026-10k-V1-ES.pdf\"}}]}]}],\"props\":{\"width\":\"default\"}}]}],\"version\":\"5.0.24\"} --><\/p>\n","protected":false},"excerpt":{"rendered":"<p>GU\u00cdAS DEL CORREDOR Seleccion\u00e1 tu distancia y descarg\u00e1 tu gu\u00eda del corredor para poder planificar tu carrera de la mejor manera. \u00daltima actualizaci\u00f3n: 23 de Marzo 2026<\/p>\n","protected":false},"author":1,"featured_media":0,"parent":0,"menu_order":0,"comment_status":"closed","ping_status":"closed","template":"","meta":{"_acf_changed":false,"footnotes":""},"class_list":["post-2033","page","type-page","status-publish","hentry"],"acf":[],"_links":{"self":[{"href":"https:\/\/patagoniarun.com\/en\/wp-json\/wp\/v2\/pages\/2033","targetHints":{"allow":["GET"]}}],"collection":[{"href":"https:\/\/patagoniarun.com\/en\/wp-json\/wp\/v2\/pages"}],"about":[{"href":"https:\/\/patagoniarun.com\/en\/wp-json\/wp\/v2\/types\/page"}],"author":[{"embeddable":true,"href":"https:\/\/patagoniarun.com\/en\/wp-json\/wp\/v2\/users\/1"}],"replies":[{"embeddable":true,"href":"https:\/\/patagoniarun.com\/en\/wp-json\/wp\/v2\/comments?post=2033"}],"version-history":[{"count":22,"href":"https:\/\/patagoniarun.com\/en\/wp-json\/wp\/v2\/pages\/2033\/revisions"}],"predecessor-version":[{"id":2095,"href":"https:\/\/patagoniarun.com\/en\/wp-json\/wp\/v2\/pages\/2033\/revisions\/2095"}],"wp:attachment":[{"href":"https:\/\/patagoniarun.com\/en\/wp-json\/wp\/v2\/media?parent=2033"}],"curies":[{"name":"wp","href":"https:\/\/api.w.org\/{rel}","templated":true}]}}