{"id":61,"date":"2024-06-25T19:56:39","date_gmt":"2024-06-25T17:56:39","guid":{"rendered":"https:\/\/dr86lmbxsa.onrocket.site\/?page_id=61"},"modified":"2026-03-23T12:03:16","modified_gmt":"2026-03-23T15:03:16","slug":"inscripciones","status":"publish","type":"page","link":"https:\/\/patagoniarun.com\/pt\/inscripciones\/","title":{"rendered":"Inscripciones"},"content":{"rendered":"<h1>INSCRIPCIONES 2026<\/h1>\n<ul>\n<li>\n<p>        <img decoding=\"async\" src=\"\/wp-content\/uploads\/2025\/06\/460x612-100mi-BYN.jpg\" alt=\"\"><\/p>\n<p><img decoding=\"async\" src=\"\/wp-content\/uploads\/2025\/06\/460x612-100mi.jpg\" alt><\/p>\n<p><a href=\"\/100-millas\/\"><\/a><\/p>\n<\/li>\n<li>\n<p>        <img decoding=\"async\" src=\"\/wp-content\/uploads\/2025\/06\/460x612-110k-BYN.jpg\" alt=\"\"><\/p>\n<p><img decoding=\"async\" src=\"\/wp-content\/uploads\/2025\/06\/460x612-110k.jpg\" alt><\/p>\n<p><a href=\"\/110k\/\"><\/a><\/p>\n<\/li>\n<li>\n<p>        <img decoding=\"async\" src=\"\/wp-content\/uploads\/2025\/06\/460x612-70K-BYN.jpg\" alt=\"\"><\/p>\n<p><img decoding=\"async\" src=\"\/wp-content\/uploads\/2025\/06\/460x612-70K.jpg\" alt><\/p>\n<p><a href=\"\/70k\/\"><\/a><\/p>\n<\/li>\n<li>\n<p>        <img decoding=\"async\" src=\"\/wp-content\/uploads\/2025\/06\/460x612-42K-BYN.jpg\" alt=\"\"><\/p>\n<p><img decoding=\"async\" src=\"\/wp-content\/uploads\/2025\/06\/460x612-42K.jpg\" alt><\/p>\n<p><a href=\"\/42k\/\"><\/a><\/p>\n<\/li>\n<li>\n<p>        <img decoding=\"async\" src=\"\/wp-content\/uploads\/2025\/06\/460x612-21K-BYN.jpg\" alt=\"\"><\/p>\n<p><img decoding=\"async\" src=\"\/wp-content\/uploads\/2025\/06\/460x612-21K.jpg\" alt><\/p>\n<p><a href=\"\/21k\/\"><\/a><\/p>\n<\/li>\n<li>\n<p>        <img decoding=\"async\" src=\"\/wp-content\/uploads\/2025\/06\/460x612-10K-BYN.jpg\" alt=\"\"><\/p>\n<p><img decoding=\"async\" src=\"\/wp-content\/uploads\/2025\/06\/460x612-10K.jpg\" alt><\/p>\n<p><a href=\"\/10k\/\"><\/a><\/p>\n<\/li>\n<\/ul>\n<p><!--more--><br \/>\n<!-- {\"type\":\"layout\",\"children\":[{\"type\":\"section\",\"props\":{\"image_position\":\"center-center\",\"style\":\"secondary\",\"title_breakpoint\":\"xl\",\"title_position\":\"top-left\",\"title_rotation\":\"left\",\"vertical_align\":\"middle\",\"width\":\"default\"},\"children\":[{\"type\":\"row\",\"children\":[{\"type\":\"column\",\"props\":{\"image_position\":\"center-center\",\"position_sticky_breakpoint\":\"m\"},\"children\":[{\"type\":\"headline\",\"props\":{\"content\":\"INSCRIPCIONES 2026\",\"content_en_us\":\"2026 REGISTRATION\",\"content_pt_br\":\"INSCRI\u00c7\u00d5ES 2026\",\"css\":\"@media screen and (min-width: 601px) {\\n  .el-element {\\n    font-size: 5vw;\\n  }\\n}\\n\\n@media screen and (max-width: 600px) {\\n  .el-element {\\n    font-size: 11vw;\\n  }\\n}\",\"image_align\":\"left\",\"image_margin\":\"xsmall\",\"text_align\":\"center\",\"title_element\":\"h1\",\"title_style\":\"h1\"}}]}]}]},{\"type\":\"section\",\"props\":{\"css\":\".el-section {\\n    background-image: url(\\\"wp-content\/themes\/yootheme\/vendor\/assets\/uikit-themes\/master-fjord\/images\/section-background-image-stripes.png\\\");\\n    background-position-x: 50%\\n}\",\"image\":\"wp-content\/themes\/yootheme-PR\/assets\/section-bg-gris.png\",\"image_position\":\"bottom-center\",\"image_size\":\"cover\",\"media_focal_point\":\"bottom-center\",\"preserve_color\":false,\"style\":\"default\",\"title_breakpoint\":\"xl\",\"title_position\":\"top-left\",\"title_rotation\":\"left\",\"vertical_align\":\"middle\",\"width\":\"default\"},\"children\":[{\"type\":\"row\",\"children\":[{\"type\":\"column\",\"props\":{\"image_position\":\"center-center\",\"position_sticky_breakpoint\":\"m\"},\"children\":[{\"type\":\"headline\",\"props\":{\"content\":\"\n\n<p>LISTA DE ESPERA ABIERTA<\/p>\n\n\\nEleg\u00ed una de las opciones para comenzar tu inscripci\u00f3n\",\"content_en_us\":\"\n\n<p>WAITLIST OPEN<\/p>\n\n\\n\n\n<p>Choose one of the options to start your registration<\/p>\n\n\",\"content_pt_br\":\"\n\n<p>LISTA DE ESPERA ABERTA<\/p>\n\n\\n\n\n<p>Escolha uma das op\u00e7\u00f5es para iniciar sua inscri\u00e7\u00e3o<\/p>\n\n\",\"image_align\":\"left\",\"image_margin\":\"xsmall\",\"status\":\"disabled\",\"text_align\":\"center\",\"title_element\":\"h1\",\"title_style\":\"h3\"}},{\"type\":\"headline\",\"props\":{\"content\":\"\n\n<p>CUPOS COMPLETOS<\/p>\n\n\\n\n\n<p>En breve habilitaremos la Lista de Espera<\/p>\n\n\",\"content_en_us\":\"\n\n<p>SOLD OUT<\/p>\n\n\\n\n\n<p>We will open the Waitlist soon<\/p>\n\n\",\"content_pt_br\":\"\n\n<p>VAGAS ESGOTADAS<\/p>\n\n\\n\n\n<p>Em breve abriremos a Lista de Espera<\/p>\n\n\\n\",\"image_align\":\"left\",\"image_margin\":\"xsmall\",\"status\":\"disabled\",\"text_align\":\"center\",\"title_element\":\"h1\",\"title_style\":\"h3\"}}]}]},{\"type\":\"row\",\"children\":[{\"type\":\"column\",\"props\":{\"image_position\":\"center-center\",\"position_sticky_breakpoint\":\"m\"},\"children\":[{\"type\":\"headline\",\"props\":{\"content\":\"En este momento las inscripciones se encuentran cerradas, pero podes informarte sobre nuestras carreras eligiendo la distancia que quieras.\",\"content_en_us\":\"Registration is currently closed, but you can still learn about our races by selecting any distance.\",\"content_pt_br\":\"No momento, as inscri\u00e7\u00f5es est\u00e3o encerradas, mas voc\u00ea pode se informar sobre nossas provas escolhendo a dist\u00e2ncia que quiser.\",\"image_align\":\"left\",\"image_margin\":\"xsmall\",\"text_align\":\"center\",\"title_element\":\"h1\",\"title_style\":\"h3\"}}]}],\"props\":{\"status\":\"disabled\",\"width\":\"small\"}},{\"type\":\"row\",\"children\":[{\"type\":\"column\",\"props\":{\"image_position\":\"center-center\",\"position_sticky_breakpoint\":\"m\"},\"children\":[{\"type\":\"grid\",\"props\":{\"content_column_breakpoint\":\"m\",\"filter_align\":\"left\",\"filter_all\":true,\"filter_grid_breakpoint\":\"m\",\"filter_grid_width\":\"auto\",\"filter_position\":\"top\",\"filter_style\":\"tab\",\"grid_default\":\"2\",\"grid_large\":\"3\",\"grid_medium\":\"3\",\"grid_small\":\"2\",\"grid_xlarge\":\"3\",\"image_align\":\"top\",\"image_grid_breakpoint\":\"m\",\"image_grid_width\":\"1-2\",\"image_link\":true,\"image_svg_color\":\"emphasis\",\"item_animation\":true,\"lightbox_bg_close\":true,\"link_style\":\"default\",\"link_text\":\"\",\"margin_bottom\":\"default\",\"margin_top\":\"default\",\"meta_align\":\"below-title\",\"meta_element\":\"div\",\"meta_style\":\"text-meta\",\"show_content\":false,\"show_hover_image\":true,\"show_hover_video\":false,\"show_image\":true,\"show_link\":true,\"show_meta\":false,\"show_title\":false,\"show_video\":false,\"text_align\":\"center\",\"title_align\":\"top\",\"title_element\":\"h3\",\"title_grid_breakpoint\":\"m\",\"title_grid_width\":\"1-2\",\"title_hover_style\":\"reset\"},\"children\":[{\"type\":\"grid_item\",\"props\":{\"hover_image\":\"wp-content\/uploads\/2025\/06\/460x612-100mi.jpg\",\"hover_image_en_us\":\"wp-content\/uploads\/2025\/07\/460x612-100mi-eng-COLOR.jpg\",\"hover_image_pt_br\":\"wp-content\/uploads\/2025\/07\/460x612-100mi-portu-color.jpg\",\"image\":\"wp-content\/uploads\/2025\/06\/460x612-100mi-BYN.jpg\",\"image_en_us\":\"wp-content\/uploads\/2025\/07\/460x612-100mi-eng-BYN.jpg\",\"image_pt_br\":\"wp-content\/uploads\/2025\/07\/460x612-100mi-portu-BYN.jpg\",\"link\":\"100-millas\/\",\"link_en_us\":\"\/en\/100-millas\/\",\"link_pt_br\":\"\/pt\/100-millas\/\"}},{\"type\":\"grid_item\",\"props\":{\"hover_image\":\"wp-content\/uploads\/2025\/06\/460x612-110k.jpg\",\"hover_image_en_us\":\"wp-content\/uploads\/2025\/07\/460x612-110k-eng-COLOR.jpg\",\"hover_image_pt_br\":\"wp-content\/uploads\/2025\/07\/460x612-110k-portu-color.jpg\",\"image\":\"wp-content\/uploads\/2025\/06\/460x612-110k-BYN.jpg\",\"image_en_us\":\"wp-content\/uploads\/2025\/07\/460x612-110k-eng-BYN.jpg\",\"image_pt_br\":\"wp-content\/uploads\/2025\/07\/460x612-110k-portu-BYN.jpg\",\"link\":\"110k\/\",\"link_en_us\":\"\/en\/110k\/\",\"link_pt_br\":\"\/pt\/110k\/\"}},{\"type\":\"grid_item\",\"props\":{\"hover_image\":\"wp-content\/uploads\/2025\/06\/460x612-70K.jpg\",\"hover_image_en_us\":\"wp-content\/uploads\/2025\/07\/460x612-70K-eng-COLOR.jpg\",\"hover_image_pt_br\":\"wp-content\/uploads\/2025\/07\/460x612-70K-portu-color.jpg\",\"image\":\"wp-content\/uploads\/2025\/06\/460x612-70K-BYN.jpg\",\"image_en_us\":\"wp-content\/uploads\/2025\/07\/460x612-70K-eng-BYN.jpg\",\"image_pt_br\":\"wp-content\/uploads\/2025\/07\/460x612-70K-portu-BYN.jpg\",\"link\":\"70k\/\",\"link_en_us\":\"\/en\/70k\/\",\"link_pt_br\":\"\/pt\/70k\/\"}},{\"type\":\"grid_item\",\"props\":{\"hover_image\":\"wp-content\/uploads\/2025\/06\/460x612-42K.jpg\",\"hover_image_en_us\":\"wp-content\/uploads\/2025\/07\/460x612-42K-eng-COLOR.jpg\",\"hover_image_pt_br\":\"wp-content\/uploads\/2025\/07\/460x612-42K-portu-color.jpg\",\"image\":\"wp-content\/uploads\/2025\/06\/460x612-42K-BYN.jpg\",\"image_en_us\":\"wp-content\/uploads\/2025\/07\/460x612-42K-eng-BYN.jpg\",\"image_pt_br\":\"wp-content\/uploads\/2025\/07\/460x612-42K-portu-BYN.jpg\",\"link\":\"42k\/\",\"link_en_us\":\"\/en\/42k\/\",\"link_pt_br\":\"\/pt\/42k\/\"}},{\"type\":\"grid_item\",\"props\":{\"hover_image\":\"wp-content\/uploads\/2025\/06\/460x612-21K.jpg\",\"hover_image_en_us\":\"wp-content\/uploads\/2025\/07\/460x612-21K-eng-COLOR.jpg\",\"hover_image_pt_br\":\"wp-content\/uploads\/2025\/07\/460x612-21K-portu-color.jpg\",\"image\":\"wp-content\/uploads\/2025\/06\/460x612-21K-BYN.jpg\",\"image_en_us\":\"wp-content\/uploads\/2025\/07\/460x612-21K-eng-BYN.jpg\",\"image_pt_br\":\"wp-content\/uploads\/2025\/07\/460x612-21K-portu-BYN.jpg\",\"link\":\"21k\/\",\"link_en_us\":\"\/en\/21k\/\",\"link_pt_br\":\"\/pt\/21k\/\"}},{\"type\":\"grid_item\",\"props\":{\"hover_image\":\"wp-content\/uploads\/2025\/06\/460x612-10K.jpg\",\"hover_image_en_us\":\"wp-content\/uploads\/2025\/07\/460x612-10K-eng-COLOR.jpg\",\"hover_image_pt_br\":\"wp-content\/uploads\/2025\/07\/460x612-10K-portu-color.jpg\",\"image\":\"wp-content\/uploads\/2025\/06\/460x612-10K-BYN.jpg\",\"image_en_us\":\"wp-content\/uploads\/2025\/07\/460x612-10K-eng-BYN.jpg\",\"image_pt_br\":\"wp-content\/uploads\/2025\/07\/460x612-10K-portu-BYN.jpg\",\"link\":\"10k\/\",\"link_en_us\":\"\/en\/10k\/\",\"link_pt_br\":\"\/pt\/10k\/\"}}]}]}]},{\"type\":\"row\",\"props\":{\"id\":\"gift-card\"},\"children\":[{\"type\":\"column\",\"props\":{\"image_position\":\"center-center\",\"position_sticky_breakpoint\":\"m\"}}]}],\"name\":\"[SECTION] Selector Carreras HOME\"},{\"type\":\"section\",\"props\":{\"id\":\"giftcard\",\"image_position\":\"center-center\",\"status\":\"disabled\",\"style\":\"primary\",\"title_breakpoint\":\"xl\",\"title_position\":\"top-left\",\"title_rotation\":\"left\",\"vertical_align\":\"middle\",\"width\":\"default\"},\"children\":[{\"type\":\"row\",\"children\":[{\"type\":\"column\",\"props\":{\"image_position\":\"center-center\",\"position_sticky_breakpoint\":\"m\"},\"children\":[{\"type\":\"headline\",\"props\":{\"content\":\"REGAL\u00c1 PATAGONIA RUN\",\"content_en_us\":\"GIFT PATAGONIA RUN\",\"content_pt_br\":\"PRESENTEIE COM A PATAGONIA RUN\",\"image_align\":\"left\",\"image_margin\":\"xsmall\",\"text_align\":\"center\",\"title_element\":\"h1\",\"title_font_family\":\"secondary\",\"title_style\":\"h1\"}}]}]},{\"type\":\"row\",\"props\":{\"width\":\"small\"},\"children\":[{\"type\":\"column\",\"props\":{\"image_position\":\"center-center\",\"position_sticky_breakpoint\":\"m\"},\"children\":[{\"type\":\"text\",\"props\":{\"column_breakpoint\":\"m\",\"content\":\"\n\n<p>Vivir la experiencia Patagonia Run es algo \u00fanico. Regalar esa experiencia, tambi\u00e9n. Nuestra <strong>Gift Card<\/strong> te permite obsequiar a qui\u00e9n vos quieras un monto parcial o la inscripci\u00f3n completa para la edici\u00f3n 2026 de cualquiera de nuestras distancias.<\/p>\n\n\",\"content_en_us\":\"\n\n<p>Living the Patagonia Run experience is something unique. Gifting that experience is too. Our <strong>Gift Card<\/strong> allows you to gift anyone a partial amount or full registration for the 2026 edition of any of our race distances.<\/p>\n\n\",\"content_pt_br\":\"\n\n<p>Viver a experi\u00eancia da Patagonia Run \u00e9 algo \u00fanico. Presentear com essa experi\u00eancia tamb\u00e9m. Nosso <strong>Gift Card<\/strong> permite que voc\u00ea presenteie quem quiser com um valor parcial ou a inscri\u00e7\u00e3o completa para a edi\u00e7\u00e3o 2026 em qualquer uma de nossas dist\u00e2ncias.<\/p>\n\n\",\"margin_bottom\":\"default\",\"margin_top\":\"default\",\"text_style\":\"large\"}}]}]},{\"type\":\"row\",\"props\":{\"width\":\"small\"},\"children\":[{\"type\":\"column\",\"props\":{\"image_position\":\"center-center\",\"position_sticky_breakpoint\":\"m\"},\"children\":[{\"type\":\"button\",\"props\":{\"css\":\".el-content {\\n  line-height: 2.5;\\n  background-color: transparent;\\n  color: #171924;\\n  border: 1px solid #171924;\\n  box-shadow: inset 2px 2px 7px rgba(37, 207, 132, .05), 2px 2px 7px rgba(37, 207, 132, .05);\\n}\\n.el-content:hover {\\n  line-height: 2.5;\\n  background-color: transparent;\\n  color: #fff;\\n  border: 1px solid #fff;\\n  box-shadow: inset 2px 4px 15px rgba(37, 207, 132, .05), 2px 4px 15px rgba(37, 207, 132, .05);\\n}\",\"grid_column_gap\":\"large\",\"grid_row_gap\":\"large\",\"margin_bottom\":\"default\",\"margin_top\":\"default\",\"text_align\":\"center\"},\"children\":[{\"type\":\"button_item\",\"props\":{\"button_style\":\"default\",\"content\":\"GIFT CARD<br \/><small>residentes argentina<\/small>\",\"content_en_us\":\"GIFT CARD<br \/><small>Argentina residents<\/small>\",\"content_pt_br\":\"GIFT CARD<br \/><small>residentes na Argentina<\/small>\",\"dialog_layout\":\"modal\",\"dialog_offcanvas_flip\":true,\"icon_align\":\"left\",\"link\":\"https:\/\/inscripcionesonline.com.ar\/pr2026\/giftcard\/nacional\/\",\"link_target\":true}},{\"type\":\"button_item\",\"props\":{\"button_style\":\"default\",\"content\":\"GIFT CARD<br \/><small>INTERNACIONAL<\/small>\",\"content_en_us\":\"GIFT CARD<br \/><small>INTERNATIONAL<\/small>\",\"content_pt_br\":\"GIFT CARD<br \/><small>INTERNACIONAL<\/small>\",\"dialog_layout\":\"modal\",\"dialog_offcanvas_flip\":true,\"icon_align\":\"left\",\"link\":\"https:\/\/inscripcionesonline.com.ar\/pr2026\/giftcard\/international\/\",\"link_target\":true}}]}]}]}],\"name\":\"Gift Card\"}],\"version\":\"5.0.24\"} --><\/p>\n","protected":false},"excerpt":{"rendered":"<p>INSCRIPCIONES 2026<\/p>\n","protected":false},"author":1,"featured_media":0,"parent":0,"menu_order":0,"comment_status":"closed","ping_status":"closed","template":"","meta":{"_acf_changed":false,"footnotes":""},"class_list":["post-61","page","type-page","status-publish","hentry"],"acf":[],"_links":{"self":[{"href":"https:\/\/patagoniarun.com\/pt\/wp-json\/wp\/v2\/pages\/61","targetHints":{"allow":["GET"]}}],"collection":[{"href":"https:\/\/patagoniarun.com\/pt\/wp-json\/wp\/v2\/pages"}],"about":[{"href":"https:\/\/patagoniarun.com\/pt\/wp-json\/wp\/v2\/types\/page"}],"author":[{"embeddable":true,"href":"https:\/\/patagoniarun.com\/pt\/wp-json\/wp\/v2\/users\/1"}],"replies":[{"embeddable":true,"href":"https:\/\/patagoniarun.com\/pt\/wp-json\/wp\/v2\/comments?post=61"}],"version-history":[{"count":53,"href":"https:\/\/patagoniarun.com\/pt\/wp-json\/wp\/v2\/pages\/61\/revisions"}],"predecessor-version":[{"id":2054,"href":"https:\/\/patagoniarun.com\/pt\/wp-json\/wp\/v2\/pages\/61\/revisions\/2054"}],"wp:attachment":[{"href":"https:\/\/patagoniarun.com\/pt\/wp-json\/wp\/v2\/media?parent=61"}],"curies":[{"name":"wp","href":"https:\/\/api.w.org\/{rel}","templated":true}]}}