{"id":73,"date":"2024-06-25T20:04:36","date_gmt":"2024-06-25T18:04:36","guid":{"rendered":"https:\/\/dr86lmbxsa.onrocket.site\/?page_id=73"},"modified":"2025-11-05T14:06:05","modified_gmt":"2025-11-05T17:06:05","slug":"contacto","status":"publish","type":"page","link":"https:\/\/patagoniarun.com\/pt\/contato\/","title":{"rendered":"Contato"},"content":{"rendered":"<h1>CONTACTO<\/h1>\n<h1>Complet\u00e1 el formulario y te responderemos a la brevedad.<\/h1>\n<div>\n<style id=\"wpforms-css-vars-1375\">\n\t\t\t\t#wpforms-1375 {\n\t\t\t\t--wpforms-field-border-radius: 0px;\n--wpforms-field-border-color: #cccccc;\n--wpforms-field-border-color-spare: #cccccc;\n--wpforms-field-text-color: #444444;\n--wpforms-label-color: #262626;\n--wpforms-label-sublabel-color: #7f7f7f;\n--wpforms-label-error-color: #ff0000;\n--wpforms-button-border-style: solid;\n--wpforms-button-border-radius: 0px;\n--wpforms-button-background-color: #dddddd;\n--wpforms-button-border-color: #cccccc;\n--wpforms-button-text-color: #666666;\n--wpforms-container-padding: 0px;\n--wpforms-container-border-width: 1px;\n--wpforms-container-border-radius: 3px;\n--wpforms-background-color: rgba(0, 0, 0, 0);\n--wpforms-page-break-color: #dddddd;\n--wpforms-field-size-input-height: 43px;\n--wpforms-field-size-input-spacing: 15px;\n--wpforms-field-size-font-size: 16px;\n--wpforms-field-size-line-height: 19px;\n--wpforms-field-size-padding-h: 14px;\n--wpforms-field-size-checkbox-size: 16px;\n--wpforms-field-size-sublabel-spacing: 5px;\n--wpforms-field-size-icon-size: 1;\n--wpforms-label-size-font-size: 14px;\n--wpforms-label-size-line-height: 17px;\n--wpforms-label-size-sublabel-font-size: 13px;\n--wpforms-label-size-sublabel-line-height: 16px;\n--wpforms-button-size-font-size: 17px;\n--wpforms-button-size-height: 41px;\n--wpforms-button-size-padding-h: 15px;\n--wpforms-button-size-margin-top: 10px;\n--wpforms-container-shadow-size-box-shadow: none;\n\t\t\t}\n\t\t\t<\/style><div class=\"wpforms-container wpforms-container-full wpforms-render-modern\" id=\"wpforms-1375\"><form id=\"wpforms-form-1375\" class=\"wpforms-validate wpforms-form wpforms-ajax-form\" data-formid=\"1375\" method=\"post\" enctype=\"multipart\/form-data\" action=\"\/pt\/wp-json\/wp\/v2\/pages\/73\" data-token=\"464aab7f3ab63ebc880535aeeb7a4605\" data-token-time=\"1775412386\"><noscript class=\"wpforms-error-noscript\">Ative o JavaScript no seu navegador para preencher este formul\u00e1rio.<\/noscript><div id=\"wpforms-error-noscript\" style=\"display: none;\">Ative o JavaScript no seu navegador para preencher este formul\u00e1rio.<\/div><div class=\"wpforms-field-container\"><div id=\"wpforms-1375-field_2-container\" class=\"wpforms-field wpforms-field-name\" data-field-id=\"2\"><label class=\"wpforms-field-label\" for=\"wpforms-1375-field_2\">Nombre <span class=\"wpforms-required-label\" aria-hidden=\"true\">*<\/span><\/label><input type=\"text\" id=\"wpforms-1375-field_2\" class=\"wpforms-field-medium wpforms-field-required\" name=\"wpforms[fields][2]\" aria-errormessage=\"wpforms-1375-field_2-error\" required><\/div><div id=\"wpforms-1375-field_3-container\" class=\"wpforms-field wpforms-field-email\" data-field-id=\"3\"><label class=\"wpforms-field-label\" for=\"wpforms-1375-field_3\">Email <span class=\"wpforms-required-label\" aria-hidden=\"true\">*<\/span><\/label><input type=\"email\" id=\"wpforms-1375-field_3\" class=\"wpforms-field-medium wpforms-field-required\" name=\"wpforms[fields][3]\" spellcheck=\"false\" aria-errormessage=\"wpforms-1375-field_3-error\" required><\/div><div id=\"wpforms-1375-field_4-container\" class=\"wpforms-field wpforms-field-text\" data-field-id=\"4\"><label class=\"wpforms-field-label\" for=\"wpforms-1375-field_4\">Tel\u00e9fono<\/label><input type=\"text\" id=\"wpforms-1375-field_4\" class=\"wpforms-field-medium\" name=\"wpforms[fields][4]\" aria-errormessage=\"wpforms-1375-field_4-error\" ><\/div>\t\t<div id=\"wpforms-1375-field_1-container\"\n\t\t\tclass=\"wpforms-field wpforms-field-text\"\n\t\t\tdata-field-type=\"text\"\n\t\t\tdata-field-id=\"1\"\n\t\t\t>\n\t\t\t<label class=\"wpforms-field-label\" for=\"wpforms-1375-field_1\" >Email Su consulta<\/label>\n\t\t\t<input type=\"text\" id=\"wpforms-1375-field_1\" class=\"wpforms-field-medium\" name=\"wpforms[fields][1]\" >\n\t\t<\/div>\n\t\t<div id=\"wpforms-1375-field_6-container\" class=\"wpforms-field wpforms-field-textarea\" data-field-id=\"6\"><label class=\"wpforms-field-label\" for=\"wpforms-1375-field_6\">Su consulta <span class=\"wpforms-required-label\" aria-hidden=\"true\">*<\/span><\/label><textarea id=\"wpforms-1375-field_6\" class=\"wpforms-field-medium wpforms-field-required\" name=\"wpforms[fields][6]\" aria-errormessage=\"wpforms-1375-field_6-error\" required><\/textarea><\/div><script>\n\t\t\t\t( function() {\n\t\t\t\t\tconst style = document.createElement( 'style' );\n\t\t\t\t\tstyle.appendChild( document.createTextNode( '#wpforms-1375-field_1-container { position: absolute !important; overflow: hidden !important; display: inline !important; height: 1px !important; width: 1px !important; z-index: -1000 !important; padding: 0 !important; } #wpforms-1375-field_1-container input { visibility: hidden; } #wpforms-conversational-form-page #wpforms-1375-field_1-container label { counter-increment: none; }' ) );\n\t\t\t\t\tdocument.head.appendChild( style );\n\t\t\t\t\tdocument.currentScript?.remove();\n\t\t\t\t} )();\n\t\t\t<\/script><\/div><!-- .wpforms-field-container --><div class=\"wpforms-submit-container\" ><input type=\"hidden\" name=\"wpforms[id]\" value=\"1375\"><input type=\"hidden\" name=\"page_title\" value=\"\"><input type=\"hidden\" name=\"page_url\" value=\"https:\/\/patagoniarun.com\/pt\/wp-json\/wp\/v2\/pages\/73\"><input type=\"hidden\" name=\"url_referer\" value=\"\"><button type=\"submit\" name=\"wpforms[submit]\" id=\"wpforms-submit-1375\" class=\"wpforms-submit uk-button uk-button-primary\" data-alt-text=\"Enviando...\" data-submit-text=\"Enviar\" aria-live=\"assertive\" value=\"wpforms-submit\">Enviar<\/button><img loading=\"lazy\" decoding=\"async\" src=\"https:\/\/patagoniarun.com\/wp-content\/plugins\/wpforms-lite\/assets\/images\/submit-spin.svg\" class=\"wpforms-submit-spinner\" style=\"display: none;\" width=\"26\" height=\"26\" alt=\"Carregando\"><\/div><\/form><\/div>  <!-- .wpforms-container --><\/div>\n<h1>Informaci\u00f3n de Contacto<\/h1>\n<div>\n<p><a href=\"mailto:info@patagoniarun.com\">info@patagoniarun.com<\/a><br \/><strong><br \/>Oficina de carrera<\/strong><br \/>M\u00f3vil: +54 11 64953446 -&gt; s\u00f3lo llamadas<br \/>Tel\u00e9fono:\u00a0+54 2972 420949<br \/>Capitan Drury 786 &#8211; 1\u00b0p<br \/><span>San Mart\u00edn de los Andes &#8211; Argentina\u00a0<\/span><\/p>\n<p><strong>Departamento de Turismo<br \/>Alojamientos y Traslados<\/strong><br \/><a href=\"mailto:turismo@patagoniarun.com\">turismo@patagoniarun.com<\/a><\/p>\n<p><strong>Prensa Patagonia Run<\/strong><br \/><a href=\"mailto:prensa@patagoniarun.com\">prensa@patagoniarun.com<\/a><\/p>\n<\/div>\n<h1>Staff Patagonia Run 2026<\/h1>\n<div>\n<p>Si viv\u00eds en San Mart\u00edn de los Andes y quer\u00e9s ser parte de nuestro Staff, dejanos tus datos en el siguiente formulario<\/p>\n<\/div>\n<p><p>\n        <a href=\"https:\/\/forms.gle\/tq77JmAfYzELwGuu8\">staff 2026<\/a>\n    <\/p>\n<\/p>\n<p><!--more--><br \/>\n<!-- {\"type\":\"layout\",\"children\":[{\"type\":\"section\",\"props\":{\"image_position\":\"center-center\",\"style\":\"secondary\",\"title_breakpoint\":\"xl\",\"title_position\":\"top-left\",\"title_rotation\":\"left\",\"vertical_align\":\"middle\",\"width\":\"default\"},\"children\":[{\"type\":\"row\",\"children\":[{\"type\":\"column\",\"props\":{\"image_position\":\"center-center\",\"position_sticky_breakpoint\":\"m\"},\"children\":[{\"type\":\"headline\",\"props\":{\"content\":\"CONTACTO\",\"content_en_us\":\"CONTACT\",\"content_pt_br\":\"CONTATO\",\"css\":\"@media screen and (min-width: 601px) {\\n  .el-element {\\n    font-size: 5vw;\\n  }\\n}\\n\\n@media screen and (max-width: 600px) {\\n  .el-element {\\n    font-size: 11vw;\\n  }\\n}\",\"text_align\":\"center\",\"title_element\":\"h1\",\"title_style\":\"h1\"}}]}]}],\"name\":\"[SECTION] Hero (Solo texto)\"},{\"type\":\"section\",\"props\":{\"image_position\":\"center-center\",\"style\":\"default\",\"title_breakpoint\":\"xl\",\"title_position\":\"top-left\",\"title_rotation\":\"left\",\"vertical_align\":\"middle\",\"width\":\"default\"},\"children\":[{\"type\":\"row\",\"children\":[{\"type\":\"column\",\"props\":{\"image_position\":\"center-center\",\"position_sticky_breakpoint\":\"m\"},\"children\":[{\"type\":\"headline\",\"props\":{\"content\":\"Complet\\u00e1 el formulario y te responderemos a la brevedad.\",\"content_en_us\":\"Fill the form and we will respond shortly.\",\"content_pt_br\":\"Preencha o formul\\u00e1rio e responderemos em breve.\",\"text_align\":\"center\",\"title_element\":\"h1\",\"title_style\":\"text-lead\"}}]}]},{\"type\":\"row\",\"props\":{\"column_gap\":\"large\",\"layout\":\"2-3,1-3\"},\"children\":[{\"type\":\"column\",\"props\":{\"image_position\":\"center-center\",\"position_sticky_breakpoint\":\"m\",\"width_medium\":\"2-3\"},\"children\":[{\"type\":\"html\",\"props\":{\"content\":\"[wpforms id=\\\"1375\\\"]\\t\",\"content_en_us\":\"[wpforms id=\\\"1394\\\"]\\t\",\"content_pt_br\":\"[wpforms id=\\\"1390\\\"]\"}}]},{\"type\":\"column\",\"props\":{\"image_position\":\"center-center\",\"position_sticky_breakpoint\":\"m\",\"width_medium\":\"1-3\"},\"children\":[{\"type\":\"headline\",\"props\":{\"content\":\"Informaci\\u00f3n de Contacto\",\"content_en_us\":\"Contact Information\",\"content_pt_br\":\"Informa\\u00e7\\u00f5es de Contato\",\"css\":\".el-element {\\n    color: #E7D831;\\n}\",\"title_element\":\"h1\",\"title_style\":\"h3\"}},{\"type\":\"text\",\"props\":{\"column_breakpoint\":\"m\",\"content\":\"\n\n<p><a href=\\\"mailto:info@patagoniarun.com\\\">info@patagoniarun.com<\\\/a><br \\\/><strong><br \\\/>Oficina de carrera<\\\/strong><br \\\/>M\\u00f3vil: +54 11 64953446 -&gt; s\\u00f3lo llamadas<br \\\/>Tel\\u00e9fono:\\u00a0+54 2972 420949<br \\\/>Capitan Drury 786 - 1\\u00b0p<br \\\/><span>San Mart\\u00edn de los Andes - Argentina\\u00a0<\\\/span><\\\/p>\\n\n\n<p><strong>Departamento de Turismo<br \\\/>Alojamientos y Traslados<\\\/strong><br \\\/><a href=\\\"mailto:turismo@patagoniarun.com\\\">turismo@patagoniarun.com<\\\/a><\\\/p>\\n\n\n<p><strong>Prensa Patagonia Run<\\\/strong><br \\\/><a href=\\\"mailto:prensa@patagoniarun.com\\\">prensa@patagoniarun.com<\\\/a><\\\/p>\",\"content_en_us\":\"\n\n<p><a href=\\\"mailto:info@patagoniarun.com\\\">info@patagoniarun.com<\\\/a><br \\\/><strong><br \\\/>Race Office<\\\/strong><br \\\/>Mobile: +54 11 64953446 -&gt; calls only<br \\\/>Phone: +54 2972 420949<br \\\/>Capitan Drury 786 - 1st floor<br \\\/><span>San Mart\\u00edn de los Andes - Argentina<\\\/span><\\\/p>\\n\n\n<p><strong>Patagonia Run Press<\\\/strong><br \\\/><a href=\\\"mailto:prensa@patagoniarun.com\\\">prensa@patagoniarun.com<\\\/a><\\\/p>\",\"content_pt_br\":\"\n\n<p><a href=\\\"mailto:info@patagoniarun.com\\\">info@patagoniarun.com<\\\/a><br \\\/><strong><br \\\/>Escrit\\u00f3rio da Corrida<\\\/strong><br \\\/>Celular: +54 11 64953446 -&gt; somente chamadas<br \\\/>Telefone: +54 2972 420949<br \\\/>Capit\\u00e1n Drury 786 - 1\\u00ba andar<br \\\/><span>San Mart\\u00edn de los Andes - Argentina<\\\/span><\\\/p>\\n\n\n<p><strong>Imprensa Patagonia Run<\\\/strong><br \\\/><a href=\\\"mailto:prensa@patagoniarun.com\\\">prensa@patagoniarun.com<\\\/a><\\\/p>\",\"margin\":\"default\"}},{\"type\":\"headline\",\"props\":{\"content\":\"Staff Patagonia Run 2026\",\"content_en_us\":\"Patagonia Run 2026 Staff\",\"content_pt_br\":\"Equipe Patagonia Run 2026\",\"css\":\".el-element {\\n    color: #E7D831;\\n}\",\"title_element\":\"h1\",\"title_style\":\"h3\"}},{\"type\":\"text\",\"props\":{\"column_breakpoint\":\"m\",\"content\":\"\n\n<p>Si viv\\u00eds en San Mart\\u00edn de los Andes y quer\\u00e9s ser parte de nuestro Staff, dejanos tus datos en el siguiente formulario<\\\/p>\",\"content_en_us\":\"\n\n<p>If you live in San Mart\\u00edn de los Andes and want to be part of our staff, please leave your details in the form below.<\\\/p>\",\"content_pt_br\":\"\n\n<p>Se voc\\u00ea mora em San Mart\\u00edn de los Andes e quer fazer parte da nossa equipe, deixe seus dados no formul\\u00e1rio abaixo.<\\\/p>\",\"margin\":\"default\"}},{\"type\":\"button\",\"props\":{\"grid_column_gap\":\"small\",\"grid_row_gap\":\"small\",\"margin\":\"default\",\"text_align\":\"center\"},\"children\":[{\"type\":\"button_item\",\"props\":{\"button_style\":\"primary\",\"content\":\"staff 2026\",\"dialog_layout\":\"modal\",\"dialog_offcanvas_flip\":true,\"icon_align\":\"left\",\"link\":\"https:\\\/\\\/forms.gle\\\/tq77JmAfYzELwGuu8\"}}]}]}]}]}],\"version\":\"4.5.32\"} --><\/p>\n","protected":false},"excerpt":{"rendered":"<p>CONTACTO Complet\u00e1 el formulario y te responderemos a la brevedad. Informaci\u00f3n de Contacto info@patagoniarun.comOficina de carreraM\u00f3vil: +54 11 64953446 -&gt; s\u00f3lo llamadasTel\u00e9fono:\u00a0+54 2972 420949Capitan Drury 786 &#8211; 1\u00b0pSan Mart\u00edn de los Andes &#8211; Argentina\u00a0 Departamento de TurismoAlojamientos y Trasladosturismo@patagoniarun.com Prensa Patagonia Runprensa@patagoniarun.com Staff Patagonia Run 2026 Si viv\u00eds en San Mart\u00edn de los Andes y [&hellip;]<\/p>\n","protected":false},"author":1,"featured_media":0,"parent":0,"menu_order":0,"comment_status":"closed","ping_status":"closed","template":"","meta":{"_acf_changed":false,"footnotes":""},"class_list":["post-73","page","type-page","status-publish","hentry"],"acf":[],"_links":{"self":[{"href":"https:\/\/patagoniarun.com\/pt\/wp-json\/wp\/v2\/pages\/73","targetHints":{"allow":["GET"]}}],"collection":[{"href":"https:\/\/patagoniarun.com\/pt\/wp-json\/wp\/v2\/pages"}],"about":[{"href":"https:\/\/patagoniarun.com\/pt\/wp-json\/wp\/v2\/types\/page"}],"author":[{"embeddable":true,"href":"https:\/\/patagoniarun.com\/pt\/wp-json\/wp\/v2\/users\/1"}],"replies":[{"embeddable":true,"href":"https:\/\/patagoniarun.com\/pt\/wp-json\/wp\/v2\/comments?post=73"}],"version-history":[{"count":30,"href":"https:\/\/patagoniarun.com\/pt\/wp-json\/wp\/v2\/pages\/73\/revisions"}],"predecessor-version":[{"id":1662,"href":"https:\/\/patagoniarun.com\/pt\/wp-json\/wp\/v2\/pages\/73\/revisions\/1662"}],"wp:attachment":[{"href":"https:\/\/patagoniarun.com\/pt\/wp-json\/wp\/v2\/media?parent=73"}],"curies":[{"name":"wp","href":"https:\/\/api.w.org\/{rel}","templated":true}]}}